{"id":1376,"date":"2021-08-10T05:36:03","date_gmt":"2021-08-10T05:36:03","guid":{"rendered":"https:\/\/maitemaruri.com\/discography\/"},"modified":"2021-11-10T06:44:36","modified_gmt":"2021-11-10T06:44:36","slug":"discography","status":"publish","type":"page","link":"https:\/\/maitemaruri.com\/en\/current-news\/discography\/","title":{"rendered":"Discography"},"content":{"rendered":"\n<style type=\"text\/css\" data-created_by=\"avia_inline_auto\" id=\"style-css-av-y0ed7-5a541784fadb6bc526462a3c4bd16a81\">\n.avia-section.av-y0ed7-5a541784fadb6bc526462a3c4bd16a81{\nbackground-color:#fcfcfc;\nbackground-image:unset;\n}\n.avia-section.av-y0ed7-5a541784fadb6bc526462a3c4bd16a81 .av-extra-border-element .av-extra-border-inner{\nbackground-color:#ffffff;\n}\n<\/style>\n<div id='av_section_1'  class='avia-section av-y0ed7-5a541784fadb6bc526462a3c4bd16a81 main_color avia-section-huge avia-no-border-styling  avia-builder-el-0  el_before_av_section  avia-builder-el-first  avia-bg-style-scroll container_wrap fullsize'  ><div class='container av-section-cont-open' ><main  role=\"main\" itemprop=\"mainContentOfPage\"  class='template-page content  av-content-full alpha units'><div class='post-entry post-entry-type-page post-entry-1376'><div class='entry-content-wrapper clearfix'>\n\n<style type=\"text\/css\" data-created_by=\"avia_inline_auto\" id=\"style-css-av-krxqamaz-6a9f7e5ecebc57d0adb83919cfc35441\">\n#top .av-special-heading.av-krxqamaz-6a9f7e5ecebc57d0adb83919cfc35441{\npadding-bottom:0;\nfont-size:40px;\n}\nbody .av-special-heading.av-krxqamaz-6a9f7e5ecebc57d0adb83919cfc35441 .av-special-heading-tag .heading-char{\nfont-size:25px;\n}\n#top #wrap_all .av-special-heading.av-krxqamaz-6a9f7e5ecebc57d0adb83919cfc35441 .av-special-heading-tag{\nfont-size:40px;\n}\n.av-special-heading.av-krxqamaz-6a9f7e5ecebc57d0adb83919cfc35441 .av-subheading{\nfont-size:15px;\n}\n\n@media only screen and (min-width: 480px) and (max-width: 767px){ \n#top #wrap_all .av-special-heading.av-krxqamaz-6a9f7e5ecebc57d0adb83919cfc35441 .av-special-heading-tag{\nfont-size:0.8em;\n}\n}\n\n@media only screen and (max-width: 479px){ \n#top #wrap_all .av-special-heading.av-krxqamaz-6a9f7e5ecebc57d0adb83919cfc35441 .av-special-heading-tag{\nfont-size:0.8em;\n}\n}\n<\/style>\n<div  class='av-special-heading av-krxqamaz-6a9f7e5ecebc57d0adb83919cfc35441 av-special-heading-h1 blockquote modern-quote modern-centered  avia-builder-el-1  el_before_av_one_fifth  avia-builder-el-first  av-inherit-size'><h1 class='av-special-heading-tag '  itemprop=\"headline\"  >Discography<\/h1><div class=\"special-heading-border\"><div class=\"special-heading-inner-border\"><\/div><\/div><\/div>\n\n<style type=\"text\/css\" data-created_by=\"avia_inline_auto\" id=\"style-css-av-s26y3-d23fd63967d8c782cf90aac3b834e8b1\">\n.flex_column.av-s26y3-d23fd63967d8c782cf90aac3b834e8b1{\nborder-radius:0px 0px 0px 0px;\npadding:0px 0px 0px 0px;\n}\n<\/style>\n<div  class='flex_column av-s26y3-d23fd63967d8c782cf90aac3b834e8b1 av_one_fifth  avia-builder-el-2  el_after_av_heading  el_before_av_three_fifth  first flex_column_div av-zero-column-padding  '     ><\/div>\n<style type=\"text\/css\" data-created_by=\"avia_inline_auto\" id=\"style-css-av-kipsr-68ce500280262612dc77f1e0458bbe9b\">\n.flex_column.av-kipsr-68ce500280262612dc77f1e0458bbe9b{\nborder-radius:0px 0px 0px 0px;\npadding:0px 0px 0px 0px;\n}\n<\/style>\n<div  class='flex_column av-kipsr-68ce500280262612dc77f1e0458bbe9b av_three_fifth  avia-builder-el-3  el_after_av_one_fifth  el_before_av_one_fifth  flex_column_div av-zero-column-padding  '     ><style type=\"text\/css\" data-created_by=\"avia_inline_auto\" id=\"style-css-av-1d8t7-a374a327dd490feae173a6f25615a4b0\">\n#top .hr.av-1d8t7-a374a327dd490feae173a6f25615a4b0{\nmargin-top:30px;\nmargin-bottom:30px;\n}\n.hr.av-1d8t7-a374a327dd490feae173a6f25615a4b0 .hr-inner{\nwidth:50px;\nmax-width:45%;\n}\n.hr.av-1d8t7-a374a327dd490feae173a6f25615a4b0 .av-seperator-icon{\ncolor:#ba001f;\n}\n.hr.av-1d8t7-a374a327dd490feae173a6f25615a4b0 .av-seperator-icon.avia-svg-icon svg:first-child{\nfill:#ba001f;\nstroke:#ba001f;\n}\n<\/style>\n<div  class='hr av-1d8t7-a374a327dd490feae173a6f25615a4b0 hr-custom  avia-builder-el-4  avia-builder-el-no-sibling  hr-center hr-icon-yes'><span class='hr-inner inner-border-av-border-thin'><span class=\"hr-inner-style\"><\/span><\/span><span class='av-seperator-icon avia-iconfont avia-font-entypo-fontello' data-av_icon='\ue8bd' data-av_iconfont='entypo-fontello' ><\/span><span class='hr-inner inner-border-av-border-thin'><span class=\"hr-inner-style\"><\/span><\/span><\/div><\/div>\n<style type=\"text\/css\" data-created_by=\"avia_inline_auto\" id=\"style-css-av-7vusr-44055932af0e7bfa7bf4480d4d32223e\">\n.flex_column.av-7vusr-44055932af0e7bfa7bf4480d4d32223e{\nborder-radius:0px 0px 0px 0px;\npadding:0px 0px 0px 0px;\n}\n<\/style>\n<div  class='flex_column av-7vusr-44055932af0e7bfa7bf4480d4d32223e av_one_fifth  avia-builder-el-5  el_after_av_three_fifth  avia-builder-el-last  flex_column_div av-zero-column-padding  '     ><\/div>\n\n<\/div><\/div><\/main><!-- close content main element --><\/div><div class='av-extra-border-element border-extra-diagonal  diagonal-box-shadow'><div class='av-extra-border-outer'><div class='av-extra-border-inner'><\/div><\/div><\/div><\/div><div id='av_section_2'  class='avia-section av-ax92j-05c4d09a5b133d59bbf1ab844795a643 main_color avia-section-default avia-no-border-styling  avia-builder-el-6  el_after_av_section  avia-builder-el-last  avia-bg-style-scroll container_wrap fullsize'  ><div class='container av-section-cont-open' ><div class='template-page content  av-content-full alpha units'><div class='post-entry post-entry-type-page post-entry-1376'><div class='entry-content-wrapper clearfix'>\n\n<style type=\"text\/css\" data-created_by=\"avia_inline_auto\" id=\"style-css-av-ks4uegch-a61e2e375897b389e6af03178e6f94e2\">\n#top .av-masonry.av-ks4uegch-a61e2e375897b389e6af03178e6f94e2{\nbackground-color:#ffffff;\n}\n<\/style>\n<div id='av-masonry-1' class='av-masonry av-ks4uegch-a61e2e375897b389e6af03178e6f94e2 noHover av-flex-size av-large-gap av-hover-overlay- av-masonry-animation-active av-masonry-col-2 av-caption-always av-caption-style- av-masonry-entries av-medium-columns-overwrite av-medium-columns-1 av-small-columns-overwrite av-small-columns-1 av-mini-columns-overwrite av-mini-columns-1 ' data-post_id=\"1376\"><div class='av-masonry-sort main_color av-sort-yes' data-masonry-id='1' ><div class='av-sort-by-term  ' data-av-allowed-sort='[\"news_sort\",\"past-events_sort\",\"reviews_sort\",\"upcoming-events_sort\"]' ><a href=\"#\" data-filter=\"all_sort\" class=\"all_sort_button active_sort\"><span class=\"inner_sort_button\"><span>All<\/span><small class=\"avia-term-count\"> 9 <\/small><\/span><\/a><span class='text-sep news_sort_sep avia_hide_sort'>\/<\/span><a href=\"#\" data-filter=\"news_sort\" class=\"news_sort_button avia_hide_sort\" ><span class=\"inner_sort_button\"><span>News<\/span><small class='avia-term-count'> 0 <\/small><\/span><\/a><span class='text-sep past-events_sort_sep avia_hide_sort'>\/<\/span><a href=\"#\" data-filter=\"past-events_sort\" class=\"past-events_sort_button avia_hide_sort\" ><span class=\"inner_sort_button\"><span>Past events<\/span><small class='avia-term-count'> 0 <\/small><\/span><\/a><span class='text-sep reviews_sort_sep avia_hide_sort'>\/<\/span><a href=\"#\" data-filter=\"reviews_sort\" class=\"reviews_sort_button avia_hide_sort\" ><span class=\"inner_sort_button\"><span>Reviews<\/span><small class='avia-term-count'> 0 <\/small><\/span><\/a><span class='text-sep upcoming-events_sort_sep avia_hide_sort'>\/<\/span><a href=\"#\" data-filter=\"upcoming-events_sort\" class=\"upcoming-events_sort_button avia_hide_sort\" ><span class=\"inner_sort_button\"><span>Upcoming events<\/span><small class='avia-term-count'> 0 <\/small><\/span><\/a><\/div><\/div><div class=\"av-masonry-container isotope av-js-disabled\"><div class='av-masonry-entry isotope-item av-masonry-item-no-image all_sort proximos-eventos_sort  noticias_sort  eventos-anteriores_sort  critica_sort '><\/div><a href=\"https:\/\/maitemaruri.com\/en\/cuento-lirico-infantil-lide-ta-ixidor\/\"  id='av-masonry-1-item-1213' data-av-masonry-item='1213' class='av-masonry-entry isotope-item post-1213 post type-post status-publish format-standard has-post-thumbnail hentry category-proximos-eventos all_sort proximos-eventos_sort  av-masonry-item-with-image' title=\"opera libe eta ixidor\"   itemscope=\"itemscope\" itemtype=\"https:\/\/schema.org\/CreativeWork\" ><div class='av-inner-masonry-sizer'><\/div><figure class='av-inner-masonry main_color'><div class=\"av-masonry-outerimage-container\"><div class='av-masonry-image-container'  ><img decoding=\"async\" width=\"705\" height=\"355\" fetchpriority=\"high\" class=\"wp-image-1215 avia-img-lazy-loading-not-1215\"  src=\"https:\/\/maitemaruri.com\/wp-content\/uploads\/2021\/09\/opera-libe-eta-ixidor-705x355.jpg\" title=\"opera libe eta ixidor\" alt=\"opera libe eta ixidor\" srcset=\"https:\/\/maitemaruri.com\/wp-content\/uploads\/2021\/09\/opera-libe-eta-ixidor-705x355.jpg 705w, https:\/\/maitemaruri.com\/wp-content\/uploads\/2021\/09\/opera-libe-eta-ixidor-600x302.jpg 600w, https:\/\/maitemaruri.com\/wp-content\/uploads\/2021\/09\/opera-libe-eta-ixidor-768x387.jpg 768w, https:\/\/maitemaruri.com\/wp-content\/uploads\/2021\/09\/opera-libe-eta-ixidor.jpg 1500w\" sizes=\"(max-width: 705px) 100vw, 705px\" \/><\/div><\/div><figcaption class='av-inner-masonry-content site-background'><div class='av-inner-masonry-content-pos'><div class='av-inner-masonry-content-pos-content'><div class='avia-arrow'><\/div><h3 class='av-masonry-entry-title entry-title '  itemprop=\"headline\" >Cuento l\u00edrico infantil Lide ta Ixidor<\/h3><span class='av-masonry-date meta-color updated'>2 de September de 2021<\/span><span class=\"av-masonry-text-sep text-sep-author\">\/<\/span><span class='av-masonry-author meta-color author'><span class='fn'>by Maite Maruri<\/span><\/span><\/div><\/div><\/figcaption><\/figure><\/a><!--end av-masonry entry--><a href=\"https:\/\/www.lanuevacronica.com\/jjmm-ule-y-capilla-clasica-se-juntan-de-nuevo\"  id='av-masonry-1-item-949' data-av-masonry-item='949' class='av-masonry-entry isotope-item post-949 post type-post status-publish format-standard hentry category-noticias tag-prensa all_sort noticias_sort  av-masonry-item-no-image' title=\"&#8220;JJMM-ULE y Capilla Cl\u00e1sica se juntan de nuevo&#8221; &#8211; La Nueva Cr\u00f3nica\"   itemscope=\"itemscope\" itemtype=\"https:\/\/schema.org\/CreativeWork\" ><div class='av-inner-masonry-sizer'><\/div><figure class='av-inner-masonry main_color'><figcaption class='av-inner-masonry-content site-background'><div class='av-inner-masonry-content-pos'><div class='av-inner-masonry-content-pos-content'><div class='avia-arrow'><\/div><h3 class='av-masonry-entry-title entry-title '  itemprop=\"headline\" >&#8220;JJMM-ULE y Capilla Cl\u00e1sica se juntan de nuevo&#8221; &#8211; La Nueva Cr\u00f3nica<\/h3><div class='av-masonry-entry-content entry-content'  itemprop=\"text\" >Ambas formaciones protagonizaron hace cinco a\u00f1os una recordada actuaci\u00f3n en la Catedral y en circunstancias m\u00e1s adversas regresan con otro concierto de altura musical en el Auditorio<br \/>\r\nLas trayectorias de la Capilla Cl\u00e1sica y la Orquesta Juventudes Musicales-Universidad de Le\u00f3n vuelven a converger seis a\u00f1os despu\u00e9s del concierto ofrecido el 9 de abril de 2016 en la Catedral de Le\u00f3n con motivo del 50 aniversario de la formaci\u00f3n que actualmente dirige Elena Fern\u00e1ndez Delgado.<\/div><span class='av-masonry-date meta-color updated'>26 de June de 2021<\/span><span class=\"av-masonry-text-sep text-sep-author\">\/<\/span><span class='av-masonry-author meta-color author'><span class='fn'>by Maite Maruri<\/span><\/span><\/div><\/div><\/figcaption><\/figure><\/a><!--end av-masonry entry--><a href=\"https:\/\/maitemaruri.com\/en\/requiem-w-a-mozart\/\"  id='av-masonry-1-item-918' data-av-masonry-item='918' class='av-masonry-entry isotope-item post-918 post type-post status-publish format-standard has-post-thumbnail hentry category-eventos-anteriores all_sort eventos-anteriores_sort  av-masonry-item-with-image' title=\"musika musica Maite Maruri\"   itemscope=\"itemscope\" itemtype=\"https:\/\/schema.org\/CreativeWork\" ><div class='av-inner-masonry-sizer'><\/div><figure class='av-inner-masonry main_color'><div class=\"av-masonry-outerimage-container\"><div class='av-masonry-image-container'  ><img decoding=\"async\" width=\"705\" height=\"355\" fetchpriority=\"high\" class=\"wp-image-919 avia-img-lazy-loading-not-919\"  src=\"https:\/\/maitemaruri.com\/wp-content\/uploads\/2021\/08\/musika-musica-maite-maruri-705x355.jpg\" title=\"musika musica Maite Maruri\" alt=\"musika musica Maite Maruri\" srcset=\"https:\/\/maitemaruri.com\/wp-content\/uploads\/2021\/08\/musika-musica-maite-maruri-705x355.jpg 705w, https:\/\/maitemaruri.com\/wp-content\/uploads\/2021\/08\/musika-musica-maite-maruri-600x302.jpg 600w, https:\/\/maitemaruri.com\/wp-content\/uploads\/2021\/08\/musika-musica-maite-maruri-768x387.jpg 768w, https:\/\/maitemaruri.com\/wp-content\/uploads\/2021\/08\/musika-musica-maite-maruri.jpg 1500w\" sizes=\"(max-width: 705px) 100vw, 705px\" \/><\/div><\/div><figcaption class='av-inner-masonry-content site-background'><div class='av-inner-masonry-content-pos'><div class='av-inner-masonry-content-pos-content'><div class='avia-arrow'><\/div><h3 class='av-masonry-entry-title entry-title '  itemprop=\"headline\" >REQUIEM  W. A. MOZART<\/h3><span class='av-masonry-date meta-color updated'>11 de March de 2021<\/span><span class=\"av-masonry-text-sep text-sep-author\">\/<\/span><span class='av-masonry-author meta-color author'><span class='fn'>by Maite Maruri<\/span><\/span><\/div><\/div><\/figcaption><\/figure><\/a><!--end av-masonry entry--><a href=\"https:\/\/www.deia.eus\/cultura\/2021\/02\/22\/festival-musika-musica-llega-bilbao\/1101161.html\"  id='av-masonry-1-item-951' data-av-masonry-item='951' class='av-masonry-entry isotope-item post-951 post type-post status-publish format-standard hentry category-noticias tag-prensa all_sort noticias_sort  av-masonry-item-no-image' title=\"&#8220;El Festival Musika-M\u00fasica llega a Bilbao con nuevos escenarios y 36 conciertos&#8221; &#8211; Deia\"   itemscope=\"itemscope\" itemtype=\"https:\/\/schema.org\/CreativeWork\" ><div class='av-inner-masonry-sizer'><\/div><figure class='av-inner-masonry main_color'><figcaption class='av-inner-masonry-content site-background'><div class='av-inner-masonry-content-pos'><div class='av-inner-masonry-content-pos-content'><div class='avia-arrow'><\/div><h3 class='av-masonry-entry-title entry-title '  itemprop=\"headline\" >&#8220;El Festival Musika-M\u00fasica llega a Bilbao con nuevos escenarios y 36 conciertos&#8221; &#8211; Deia<\/h3><div class='av-masonry-entry-content entry-content'  itemprop=\"text\" >'Zorionak Ludwig', concierto homenaje a Beethoven organizado por el teatro Arriaga en el 250 aniversario de su nacimiento.<br \/>\r\nLos responsables del teatro Arriaga se sumaron en la tarde ayer a los homenajes que en todo el mundo le hicieron al inmortal compositor Ludwig van Beethoven, nacido el 16 de diciembre de 1770 y que cambi\u00f3 la concepci\u00f3n de la m\u00fasica cl\u00e1sica para siempre.<\/div><span class='av-masonry-date meta-color updated'>22 de February de 2021<\/span><span class=\"av-masonry-text-sep text-sep-author\">\/<\/span><span class='av-masonry-author meta-color author'><span class='fn'>by Maite Maruri<\/span><\/span><\/div><\/div><\/figcaption><\/figure><\/a><!--end av-masonry entry--><a href=\"https:\/\/www.elcorreo.com\/bizkaia\/compositor-inmortal-20201217234002-nt.html\"  id='av-masonry-1-item-944' data-av-masonry-item='944' class='av-masonry-entry isotope-item post-944 post type-post status-publish format-standard hentry category-noticias tag-prensa all_sort noticias_sort  av-masonry-item-no-image' title=\"&#8220;Un compositor inmortal&#8221; &#8211; El Correo\"   itemscope=\"itemscope\" itemtype=\"https:\/\/schema.org\/CreativeWork\" ><div class='av-inner-masonry-sizer'><\/div><figure class='av-inner-masonry main_color'><figcaption class='av-inner-masonry-content site-background'><div class='av-inner-masonry-content-pos'><div class='av-inner-masonry-content-pos-content'><div class='avia-arrow'><\/div><h3 class='av-masonry-entry-title entry-title '  itemprop=\"headline\" >&#8220;Un compositor inmortal&#8221; &#8211; El Correo<\/h3><div class='av-masonry-entry-content entry-content'  itemprop=\"text\" >'Zorionak Ludwig', concierto homenaje a Beethoven organizado por el teatro Arriaga en el 250 aniversario de su nacimiento.<br \/>\r\nLos responsables del teatro Arriaga se sumaron en la tarde ayer a los homenajes que en todo el mundo le hicieron al inmortal compositor Ludwig van Beethoven, nacido el 16 de diciembre de 1770 y que cambi\u00f3 la concepci\u00f3n de la m\u00fasica cl\u00e1sica para siempre.<\/div><span class='av-masonry-date meta-color updated'>16 de December de 2020<\/span><span class=\"av-masonry-text-sep text-sep-author\">\/<\/span><span class='av-masonry-author meta-color author'><span class='fn'>by Maite Maruri<\/span><\/span><\/div><\/div><\/figcaption><\/figure><\/a><!--end av-masonry entry--><a href=\"https:\/\/maitemaruri.com\/en\/zorionak-ludwig\/\"  id='av-masonry-1-item-906' data-av-masonry-item='906' class='av-masonry-entry isotope-item post-906 post type-post status-publish format-standard has-post-thumbnail hentry category-eventos-anteriores all_sort eventos-anteriores_sort  av-masonry-item-with-image' title=\"concierto-zorionak-ludwig-maite-maruri\"   itemscope=\"itemscope\" itemtype=\"https:\/\/schema.org\/CreativeWork\" ><div class='av-inner-masonry-sizer'><\/div><figure class='av-inner-masonry main_color'><div class=\"av-masonry-outerimage-container\"><div class='av-masonry-image-container'  ><img decoding=\"async\" width=\"705\" height=\"397\" fetchpriority=\"high\" class=\"wp-image-899 avia-img-lazy-loading-not-899\"  src=\"https:\/\/maitemaruri.com\/wp-content\/uploads\/2021\/08\/concierto-zorionak-ludwig-maite-maruri-705x397.jpg\" title=\"concierto-zorionak-ludwig-maite-maruri\" alt=\"zorionak ludwig maite maruri\" srcset=\"https:\/\/maitemaruri.com\/wp-content\/uploads\/2021\/08\/concierto-zorionak-ludwig-maite-maruri-705x397.jpg 705w, https:\/\/maitemaruri.com\/wp-content\/uploads\/2021\/08\/concierto-zorionak-ludwig-maite-maruri-600x338.jpg 600w, https:\/\/maitemaruri.com\/wp-content\/uploads\/2021\/08\/concierto-zorionak-ludwig-maite-maruri-768x432.jpg 768w, https:\/\/maitemaruri.com\/wp-content\/uploads\/2021\/08\/concierto-zorionak-ludwig-maite-maruri.jpg 1500w\" sizes=\"(max-width: 705px) 100vw, 705px\" \/><\/div><\/div><figcaption class='av-inner-masonry-content site-background'><div class='av-inner-masonry-content-pos'><div class='av-inner-masonry-content-pos-content'><div class='avia-arrow'><\/div><h3 class='av-masonry-entry-title entry-title '  itemprop=\"headline\" >ZORIONAK LUDWIG<\/h3><span class='av-masonry-date meta-color updated'>16 de December de 2020<\/span><span class=\"av-masonry-text-sep text-sep-author\">\/<\/span><span class='av-masonry-author meta-color author'><span class='fn'>by Maite Maruri<\/span><\/span><\/div><\/div><\/figcaption><\/figure><\/a><!--end av-masonry entry--><a href=\"https:\/\/www.operaactual.com\/critica\/una-nueva-temporada-veraniega\/\"  id='av-masonry-1-item-820' data-av-masonry-item='820' class='av-masonry-entry isotope-item post-820 post type-post status-publish format-standard has-post-thumbnail hentry category-critica all_sort critica_sort  av-masonry-item-with-image' title=\"opera-actual-el-nuevo-ciclo-de-verano-del-arriaga-1\"   itemscope=\"itemscope\" itemtype=\"https:\/\/schema.org\/CreativeWork\" ><div class='av-inner-masonry-sizer'><\/div><figure class='av-inner-masonry main_color'><div class=\"av-masonry-outerimage-container\"><div class='av-masonry-image-container'  ><img decoding=\"async\" width=\"705\" height=\"372\" fetchpriority=\"high\" class=\"wp-image-821 avia-img-lazy-loading-not-821\"  src=\"https:\/\/maitemaruri.com\/wp-content\/uploads\/2021\/08\/opera-actual-el-nuevo-ciclo-de-verano-del-arriaga-1-705x372.jpg\" title=\"opera-actual-el-nuevo-ciclo-de-verano-del-arriaga-1\" alt=\"opera actual el nuevo ciclo de verano del arriaga\" srcset=\"https:\/\/maitemaruri.com\/wp-content\/uploads\/2021\/08\/opera-actual-el-nuevo-ciclo-de-verano-del-arriaga-1-705x372.jpg 705w, https:\/\/maitemaruri.com\/wp-content\/uploads\/2021\/08\/opera-actual-el-nuevo-ciclo-de-verano-del-arriaga-1-600x317.jpg 600w, https:\/\/maitemaruri.com\/wp-content\/uploads\/2021\/08\/opera-actual-el-nuevo-ciclo-de-verano-del-arriaga-1.jpg 710w\" sizes=\"(max-width: 705px) 100vw, 705px\" \/><\/div><\/div><figcaption class='av-inner-masonry-content site-background'><div class='av-inner-masonry-content-pos'><div class='av-inner-masonry-content-pos-content'><div class='avia-arrow'><\/div><h3 class='av-masonry-entry-title entry-title '  itemprop=\"headline\" >EL NUEVO CICLO DE VERANO DEL ARRIAGA<\/h3><div class='av-masonry-entry-content entry-content'  itemprop=\"text\" >Bajo su direcci\u00f3n esc\u00e9nica y contando con el apoyo musical del excelente grupo barroco Passamezzo Antico, la soprano Jone Mart\u00ednez y la mezzosoprano Maite Maruri ofrecieron un buen muestrario de arias y d\u00faos del cura Rojo. Ambas solistas, adem\u00e1s, se mostraron estar en un momento ideal de sus carreras en unas interpretaciones llenas de elegancia y finura tanto en sus solos como en los d\u00faos, momentos en los que compartieron con especial conjunci\u00f3n.<\/div><span class='av-masonry-date meta-color updated'>17 de July de 2020<\/span><span class=\"av-masonry-text-sep text-sep-author\">\/<\/span><span class='av-masonry-author meta-color author'><span class='fn'>by Maite Maruri<\/span><\/span><\/div><\/div><\/figcaption><\/figure><\/a><!--end av-masonry entry--><a href=\"https:\/\/www.operaactual.com\/critica\/bilbao-una-noche-para-la-historia\/\"  id='av-masonry-1-item-802' data-av-masonry-item='802' class='av-masonry-entry isotope-item post-802 post type-post status-publish format-standard has-post-thumbnail hentry category-critica all_sort critica_sort  av-masonry-item-with-image' title=\"opera-actual-bilbao-lucia-y-su-noche-para-la-historia-1\"   itemscope=\"itemscope\" itemtype=\"https:\/\/schema.org\/CreativeWork\" ><div class='av-inner-masonry-sizer'><\/div><figure class='av-inner-masonry main_color'><div class=\"av-masonry-outerimage-container\"><div class='av-masonry-image-container'  ><img decoding=\"async\" width=\"705\" height=\"372\" fetchpriority=\"high\" class=\"wp-image-803 avia-img-lazy-loading-not-803\"  src=\"https:\/\/maitemaruri.com\/wp-content\/uploads\/2021\/08\/opera-actual-bilbao-lucia-y-su-noche-para-la-historia-1-705x372.jpg\" title=\"opera-actual-bilbao-lucia-y-su-noche-para-la-historia-1\" alt=\"opera actual bilbao lucia y su noche para la historia\" srcset=\"https:\/\/maitemaruri.com\/wp-content\/uploads\/2021\/08\/opera-actual-bilbao-lucia-y-su-noche-para-la-historia-1-705x372.jpg 705w, https:\/\/maitemaruri.com\/wp-content\/uploads\/2021\/08\/opera-actual-bilbao-lucia-y-su-noche-para-la-historia-1-600x317.jpg 600w, https:\/\/maitemaruri.com\/wp-content\/uploads\/2021\/08\/opera-actual-bilbao-lucia-y-su-noche-para-la-historia-1.jpg 710w\" sizes=\"(max-width: 705px) 100vw, 705px\" \/><\/div><\/div><figcaption class='av-inner-masonry-content site-background'><div class='av-inner-masonry-content-pos'><div class='av-inner-masonry-content-pos-content'><div class='avia-arrow'><\/div><h3 class='av-masonry-entry-title entry-title '  itemprop=\"headline\" >BILBAO: LUCIA Y SU NOCHE PARA LA HISTORIA<\/h3><div class='av-masonry-entry-content entry-content'  itemprop=\"text\" >Maite Maruri como Alisa, la acompa\u00f1ante de Lucia hizo un gran papel con su voz sedosa y bien proyectada, y una l\u00ednea de canto impecable;<\/div><span class='av-masonry-date meta-color updated'>17 de July de 2020<\/span><span class=\"av-masonry-text-sep text-sep-author\">\/<\/span><span class='av-masonry-author meta-color author'><span class='fn'>by Maite Maruri<\/span><\/span><\/div><\/div><\/figcaption><\/figure><\/a><!--end av-masonry entry--><a href=\"https:\/\/ninodentici.com\/2019\/10\/22\/oda-al-belcanto\/\"  id='av-masonry-1-item-809' data-av-masonry-item='809' class='av-masonry-entry isotope-item post-809 post type-post status-publish format-standard has-post-thumbnail hentry category-critica all_sort critica_sort  av-masonry-item-with-image' title=\"oda al belcanto nino dentici\"   itemscope=\"itemscope\" itemtype=\"https:\/\/schema.org\/CreativeWork\" ><div class='av-inner-masonry-sizer'><\/div><figure class='av-inner-masonry main_color'><div class=\"av-masonry-outerimage-container\"><div class='av-masonry-image-container'  ><img decoding=\"async\" width=\"705\" height=\"372\" fetchpriority=\"high\" class=\"wp-image-811 avia-img-lazy-loading-not-811\"  src=\"https:\/\/maitemaruri.com\/wp-content\/uploads\/2021\/08\/oda-al-belcanto-nino-dentici-705x372.jpg\" title=\"oda al belcanto nino dentici\" alt=\"oda al belcanto nino dentici\" srcset=\"https:\/\/maitemaruri.com\/wp-content\/uploads\/2021\/08\/oda-al-belcanto-nino-dentici-705x372.jpg 705w, https:\/\/maitemaruri.com\/wp-content\/uploads\/2021\/08\/oda-al-belcanto-nino-dentici-600x317.jpg 600w, https:\/\/maitemaruri.com\/wp-content\/uploads\/2021\/08\/oda-al-belcanto-nino-dentici.jpg 710w\" sizes=\"(max-width: 705px) 100vw, 705px\" \/><\/div><\/div><figcaption class='av-inner-masonry-content site-background'><div class='av-inner-masonry-content-pos'><div class='av-inner-masonry-content-pos-content'><div class='avia-arrow'><\/div><h3 class='av-masonry-entry-title entry-title '  itemprop=\"headline\" >ODA AL BELCANTO<\/h3><div class='av-masonry-entry-content entry-content'  itemprop=\"text\" >Sobre la mezzo Maite Maruri no caben sino halagos tanto por su potente voz como por su naturalidad en la escena. Nos alegramos de que comparezcan voces del lugar y estas rindan como en el caso de esta bilba\u00edna.<\/div><span class='av-masonry-date meta-color updated'>22 de October de 2019<\/span><span class=\"av-masonry-text-sep text-sep-author\">\/<\/span><span class='av-masonry-author meta-color author'><span class='fn'>by Maite Maruri<\/span><\/span><\/div><\/div><\/figcaption><\/figure><\/a><!--end av-masonry entry--><\/div><\/div>\n\n","protected":false},"excerpt":{"rendered":"","protected":false},"author":1,"featured_media":0,"parent":1382,"menu_order":0,"comment_status":"open","ping_status":"closed","template":"","meta":{"footnotes":"","_links_to":"","_links_to_target":""},"class_list":["post-1376","page","type-page","status-publish","hentry"],"_links":{"self":[{"href":"https:\/\/maitemaruri.com\/en\/wp-json\/wp\/v2\/pages\/1376","targetHints":{"allow":["GET"]}}],"collection":[{"href":"https:\/\/maitemaruri.com\/en\/wp-json\/wp\/v2\/pages"}],"about":[{"href":"https:\/\/maitemaruri.com\/en\/wp-json\/wp\/v2\/types\/page"}],"author":[{"embeddable":true,"href":"https:\/\/maitemaruri.com\/en\/wp-json\/wp\/v2\/users\/1"}],"replies":[{"embeddable":true,"href":"https:\/\/maitemaruri.com\/en\/wp-json\/wp\/v2\/comments?post=1376"}],"version-history":[{"count":2,"href":"https:\/\/maitemaruri.com\/en\/wp-json\/wp\/v2\/pages\/1376\/revisions"}],"predecessor-version":[{"id":1378,"href":"https:\/\/maitemaruri.com\/en\/wp-json\/wp\/v2\/pages\/1376\/revisions\/1378"}],"up":[{"embeddable":true,"href":"https:\/\/maitemaruri.com\/en\/wp-json\/wp\/v2\/pages\/1382"}],"wp:attachment":[{"href":"https:\/\/maitemaruri.com\/en\/wp-json\/wp\/v2\/media?parent=1376"}],"curies":[{"name":"wp","href":"https:\/\/api.w.org\/{rel}","templated":true}]}}