{"id":1379,"date":"2021-08-11T05:49:05","date_gmt":"2021-08-11T05:49:05","guid":{"rendered":"https:\/\/maitemaruri.com\/reviews\/"},"modified":"2021-11-10T06:45:00","modified_gmt":"2021-11-10T06:45:00","slug":"reviews","status":"publish","type":"page","link":"https:\/\/maitemaruri.com\/en\/current-news\/reviews\/","title":{"rendered":"Reviews"},"content":{"rendered":"\n<style type=\"text\/css\" data-created_by=\"avia_inline_auto\" id=\"style-css-av-y0ed7-5a541784fadb6bc526462a3c4bd16a81\">\n.avia-section.av-y0ed7-5a541784fadb6bc526462a3c4bd16a81{\nbackground-color:#fcfcfc;\nbackground-image:unset;\n}\n.avia-section.av-y0ed7-5a541784fadb6bc526462a3c4bd16a81 .av-extra-border-element .av-extra-border-inner{\nbackground-color:#ffffff;\n}\n<\/style>\n<div id='av_section_1'  class='avia-section av-y0ed7-5a541784fadb6bc526462a3c4bd16a81 main_color avia-section-huge avia-no-border-styling  avia-builder-el-0  el_before_av_section  avia-builder-el-first  avia-bg-style-scroll container_wrap fullsize'  ><div class='container av-section-cont-open' ><main  role=\"main\" itemprop=\"mainContentOfPage\"  class='template-page content  av-content-full alpha units'><div class='post-entry post-entry-type-page post-entry-1379'><div class='entry-content-wrapper clearfix'>\n\n<style type=\"text\/css\" data-created_by=\"avia_inline_auto\" id=\"style-css-av-krxqamaz-5febe6fee1dd929d7613c4533b6e348f\">\n#top .av-special-heading.av-krxqamaz-5febe6fee1dd929d7613c4533b6e348f{\npadding-bottom:0;\nfont-size:40px;\n}\nbody .av-special-heading.av-krxqamaz-5febe6fee1dd929d7613c4533b6e348f .av-special-heading-tag .heading-char{\nfont-size:25px;\n}\n#top #wrap_all .av-special-heading.av-krxqamaz-5febe6fee1dd929d7613c4533b6e348f .av-special-heading-tag{\nfont-size:40px;\n}\n.av-special-heading.av-krxqamaz-5febe6fee1dd929d7613c4533b6e348f .av-subheading{\nfont-size:15px;\n}\n\n@media only screen and (min-width: 480px) and (max-width: 767px){ \n#top #wrap_all .av-special-heading.av-krxqamaz-5febe6fee1dd929d7613c4533b6e348f .av-special-heading-tag{\nfont-size:0.8em;\n}\n}\n\n@media only screen and (max-width: 479px){ \n#top #wrap_all .av-special-heading.av-krxqamaz-5febe6fee1dd929d7613c4533b6e348f .av-special-heading-tag{\nfont-size:0.8em;\n}\n}\n<\/style>\n<div  class='av-special-heading av-krxqamaz-5febe6fee1dd929d7613c4533b6e348f av-special-heading-h1 blockquote modern-quote modern-centered  avia-builder-el-1  el_before_av_one_fifth  avia-builder-el-first  av-inherit-size'><h1 class='av-special-heading-tag '  itemprop=\"headline\"  >REVIEWS<\/h1><div class=\"special-heading-border\"><div class=\"special-heading-inner-border\"><\/div><\/div><\/div>\n\n<style type=\"text\/css\" data-created_by=\"avia_inline_auto\" id=\"style-css-av-s26y3-d23fd63967d8c782cf90aac3b834e8b1\">\n.flex_column.av-s26y3-d23fd63967d8c782cf90aac3b834e8b1{\nborder-radius:0px 0px 0px 0px;\npadding:0px 0px 0px 0px;\n}\n<\/style>\n<div  class='flex_column av-s26y3-d23fd63967d8c782cf90aac3b834e8b1 av_one_fifth  avia-builder-el-2  el_after_av_heading  el_before_av_three_fifth  first flex_column_div av-zero-column-padding  '     ><\/div>\n<style type=\"text\/css\" data-created_by=\"avia_inline_auto\" id=\"style-css-av-kipsr-68ce500280262612dc77f1e0458bbe9b\">\n.flex_column.av-kipsr-68ce500280262612dc77f1e0458bbe9b{\nborder-radius:0px 0px 0px 0px;\npadding:0px 0px 0px 0px;\n}\n<\/style>\n<div  class='flex_column av-kipsr-68ce500280262612dc77f1e0458bbe9b av_three_fifth  avia-builder-el-3  el_after_av_one_fifth  el_before_av_one_fifth  flex_column_div av-zero-column-padding  '     ><style type=\"text\/css\" data-created_by=\"avia_inline_auto\" id=\"style-css-av-1d8t7-a374a327dd490feae173a6f25615a4b0\">\n#top .hr.av-1d8t7-a374a327dd490feae173a6f25615a4b0{\nmargin-top:30px;\nmargin-bottom:30px;\n}\n.hr.av-1d8t7-a374a327dd490feae173a6f25615a4b0 .hr-inner{\nwidth:50px;\nmax-width:45%;\n}\n.hr.av-1d8t7-a374a327dd490feae173a6f25615a4b0 .av-seperator-icon{\ncolor:#ba001f;\n}\n.hr.av-1d8t7-a374a327dd490feae173a6f25615a4b0 .av-seperator-icon.avia-svg-icon svg:first-child{\nfill:#ba001f;\nstroke:#ba001f;\n}\n<\/style>\n<div  class='hr av-1d8t7-a374a327dd490feae173a6f25615a4b0 hr-custom  avia-builder-el-4  avia-builder-el-no-sibling  hr-center hr-icon-yes'><span class='hr-inner inner-border-av-border-thin'><span class=\"hr-inner-style\"><\/span><\/span><span class='av-seperator-icon avia-iconfont avia-font-entypo-fontello' data-av_icon='\ue8bd' data-av_iconfont='entypo-fontello' ><\/span><span class='hr-inner inner-border-av-border-thin'><span class=\"hr-inner-style\"><\/span><\/span><\/div><\/div>\n<style type=\"text\/css\" data-created_by=\"avia_inline_auto\" id=\"style-css-av-7vusr-44055932af0e7bfa7bf4480d4d32223e\">\n.flex_column.av-7vusr-44055932af0e7bfa7bf4480d4d32223e{\nborder-radius:0px 0px 0px 0px;\npadding:0px 0px 0px 0px;\n}\n<\/style>\n<div  class='flex_column av-7vusr-44055932af0e7bfa7bf4480d4d32223e av_one_fifth  avia-builder-el-5  el_after_av_three_fifth  avia-builder-el-last  flex_column_div av-zero-column-padding  '     ><\/div>\n\n<\/div><\/div><\/main><!-- close content main element --><\/div><div class='av-extra-border-element border-extra-diagonal  diagonal-box-shadow'><div class='av-extra-border-outer'><div class='av-extra-border-inner'><\/div><\/div><\/div><\/div><div id='av_section_2'  class='avia-section av-ax92j-05c4d09a5b133d59bbf1ab844795a643 main_color avia-section-default avia-no-border-styling  avia-builder-el-6  el_after_av_section  avia-builder-el-last  avia-bg-style-scroll container_wrap fullsize'  ><div class='container av-section-cont-open' ><div class='template-page content  av-content-full alpha units'><div class='post-entry post-entry-type-page post-entry-1379'><div class='entry-content-wrapper clearfix'>\n\n<style type=\"text\/css\" data-created_by=\"avia_inline_auto\" id=\"style-css-av-ks4uegch-59a7ae36e0bef8b5dcab60f0d62432d2\">\n#top .av-masonry.av-ks4uegch-59a7ae36e0bef8b5dcab60f0d62432d2{\nbackground-color:#ffffff;\n}\n<\/style>\n<div id='av-masonry-1' class='av-masonry av-ks4uegch-59a7ae36e0bef8b5dcab60f0d62432d2 noHover av-flex-size av-large-gap av-hover-overlay- av-masonry-animation-active av-masonry-col-2 av-caption-always av-caption-style- av-masonry-entries av-medium-columns-overwrite av-medium-columns-2 av-small-columns-overwrite av-small-columns-1 av-mini-columns-overwrite av-mini-columns-1 ' data-post_id=\"1379\"><div class=\"av-masonry-container isotope av-js-disabled\"><div class='av-masonry-entry isotope-item av-masonry-item-no-image all_sort critica_sort '><\/div><a href=\"https:\/\/www.operaactual.com\/critica\/una-nueva-temporada-veraniega\/\"  id='av-masonry-1-item-820' data-av-masonry-item='820' class='av-masonry-entry isotope-item post-820 post type-post status-publish format-standard has-post-thumbnail hentry category-critica all_sort critica_sort  av-masonry-item-with-image' title=\"opera-actual-el-nuevo-ciclo-de-verano-del-arriaga-1\"   itemscope=\"itemscope\" itemtype=\"https:\/\/schema.org\/CreativeWork\" ><div class='av-inner-masonry-sizer'><\/div><figure class='av-inner-masonry main_color'><div class=\"av-masonry-outerimage-container\"><div class='av-masonry-image-container'  ><img decoding=\"async\" width=\"705\" height=\"372\" fetchpriority=\"high\" class=\"wp-image-821 avia-img-lazy-loading-not-821\"  src=\"https:\/\/maitemaruri.com\/wp-content\/uploads\/2021\/08\/opera-actual-el-nuevo-ciclo-de-verano-del-arriaga-1-705x372.jpg\" title=\"opera-actual-el-nuevo-ciclo-de-verano-del-arriaga-1\" alt=\"opera actual el nuevo ciclo de verano del arriaga\" srcset=\"https:\/\/maitemaruri.com\/wp-content\/uploads\/2021\/08\/opera-actual-el-nuevo-ciclo-de-verano-del-arriaga-1-705x372.jpg 705w, https:\/\/maitemaruri.com\/wp-content\/uploads\/2021\/08\/opera-actual-el-nuevo-ciclo-de-verano-del-arriaga-1-600x317.jpg 600w, https:\/\/maitemaruri.com\/wp-content\/uploads\/2021\/08\/opera-actual-el-nuevo-ciclo-de-verano-del-arriaga-1.jpg 710w\" sizes=\"(max-width: 705px) 100vw, 705px\" \/><\/div><\/div><figcaption class='av-inner-masonry-content site-background'><div class='av-inner-masonry-content-pos'><div class='av-inner-masonry-content-pos-content'><div class='avia-arrow'><\/div><h3 class='av-masonry-entry-title entry-title '  itemprop=\"headline\" >EL NUEVO CICLO DE VERANO DEL ARRIAGA<\/h3><div class='av-masonry-entry-content entry-content'  itemprop=\"text\" >Bajo su direcci\u00f3n esc\u00e9nica y contando con el apoyo musical del excelente grupo barroco Passamezzo Antico, la soprano Jone Mart\u00ednez y la mezzosoprano Maite Maruri ofrecieron un buen muestrario de arias y d\u00faos del cura Rojo. Ambas solistas, adem\u00e1s, se mostraron estar en un momento ideal de sus carreras en unas interpretaciones llenas de elegancia y finura tanto en sus solos como en los d\u00faos, momentos en los que compartieron con especial conjunci\u00f3n.<\/div><span class='av-masonry-date meta-color updated'>17 de July de 2020<\/span><span class=\"av-masonry-text-sep text-sep-author\">\/<\/span><span class='av-masonry-author meta-color author'><span class='fn'>by Maite Maruri<\/span><\/span><\/div><\/div><\/figcaption><\/figure><\/a><!--end av-masonry entry--><a href=\"https:\/\/www.operaactual.com\/critica\/bilbao-una-noche-para-la-historia\/\"  id='av-masonry-1-item-802' data-av-masonry-item='802' class='av-masonry-entry isotope-item post-802 post type-post status-publish format-standard has-post-thumbnail hentry category-critica all_sort critica_sort  av-masonry-item-with-image' title=\"opera-actual-bilbao-lucia-y-su-noche-para-la-historia-1\"   itemscope=\"itemscope\" itemtype=\"https:\/\/schema.org\/CreativeWork\" ><div class='av-inner-masonry-sizer'><\/div><figure class='av-inner-masonry main_color'><div class=\"av-masonry-outerimage-container\"><div class='av-masonry-image-container'  ><img decoding=\"async\" width=\"705\" height=\"372\" fetchpriority=\"high\" class=\"wp-image-803 avia-img-lazy-loading-not-803\"  src=\"https:\/\/maitemaruri.com\/wp-content\/uploads\/2021\/08\/opera-actual-bilbao-lucia-y-su-noche-para-la-historia-1-705x372.jpg\" title=\"opera-actual-bilbao-lucia-y-su-noche-para-la-historia-1\" alt=\"opera actual bilbao lucia y su noche para la historia\" srcset=\"https:\/\/maitemaruri.com\/wp-content\/uploads\/2021\/08\/opera-actual-bilbao-lucia-y-su-noche-para-la-historia-1-705x372.jpg 705w, https:\/\/maitemaruri.com\/wp-content\/uploads\/2021\/08\/opera-actual-bilbao-lucia-y-su-noche-para-la-historia-1-600x317.jpg 600w, https:\/\/maitemaruri.com\/wp-content\/uploads\/2021\/08\/opera-actual-bilbao-lucia-y-su-noche-para-la-historia-1.jpg 710w\" sizes=\"(max-width: 705px) 100vw, 705px\" \/><\/div><\/div><figcaption class='av-inner-masonry-content site-background'><div class='av-inner-masonry-content-pos'><div class='av-inner-masonry-content-pos-content'><div class='avia-arrow'><\/div><h3 class='av-masonry-entry-title entry-title '  itemprop=\"headline\" >BILBAO: LUCIA Y SU NOCHE PARA LA HISTORIA<\/h3><div class='av-masonry-entry-content entry-content'  itemprop=\"text\" >Maite Maruri como Alisa, la acompa\u00f1ante de Lucia hizo un gran papel con su voz sedosa y bien proyectada, y una l\u00ednea de canto impecable;<\/div><span class='av-masonry-date meta-color updated'>17 de July de 2020<\/span><span class=\"av-masonry-text-sep text-sep-author\">\/<\/span><span class='av-masonry-author meta-color author'><span class='fn'>by Maite Maruri<\/span><\/span><\/div><\/div><\/figcaption><\/figure><\/a><!--end av-masonry entry--><a href=\"https:\/\/ninodentici.com\/2019\/10\/22\/oda-al-belcanto\/\"  id='av-masonry-1-item-809' data-av-masonry-item='809' class='av-masonry-entry isotope-item post-809 post type-post status-publish format-standard has-post-thumbnail hentry category-critica all_sort critica_sort  av-masonry-item-with-image' title=\"oda al belcanto nino dentici\"   itemscope=\"itemscope\" itemtype=\"https:\/\/schema.org\/CreativeWork\" ><div class='av-inner-masonry-sizer'><\/div><figure class='av-inner-masonry main_color'><div class=\"av-masonry-outerimage-container\"><div class='av-masonry-image-container'  ><img decoding=\"async\" width=\"705\" height=\"372\" fetchpriority=\"high\" class=\"wp-image-811 avia-img-lazy-loading-not-811\"  src=\"https:\/\/maitemaruri.com\/wp-content\/uploads\/2021\/08\/oda-al-belcanto-nino-dentici-705x372.jpg\" title=\"oda al belcanto nino dentici\" alt=\"oda al belcanto nino dentici\" srcset=\"https:\/\/maitemaruri.com\/wp-content\/uploads\/2021\/08\/oda-al-belcanto-nino-dentici-705x372.jpg 705w, https:\/\/maitemaruri.com\/wp-content\/uploads\/2021\/08\/oda-al-belcanto-nino-dentici-600x317.jpg 600w, https:\/\/maitemaruri.com\/wp-content\/uploads\/2021\/08\/oda-al-belcanto-nino-dentici.jpg 710w\" sizes=\"(max-width: 705px) 100vw, 705px\" \/><\/div><\/div><figcaption class='av-inner-masonry-content site-background'><div class='av-inner-masonry-content-pos'><div class='av-inner-masonry-content-pos-content'><div class='avia-arrow'><\/div><h3 class='av-masonry-entry-title entry-title '  itemprop=\"headline\" >ODA AL BELCANTO<\/h3><div class='av-masonry-entry-content entry-content'  itemprop=\"text\" >Sobre la mezzo Maite Maruri no caben sino halagos tanto por su potente voz como por su naturalidad en la escena. Nos alegramos de que comparezcan voces del lugar y estas rindan como en el caso de esta bilba\u00edna.<\/div><span class='av-masonry-date meta-color updated'>22 de October de 2019<\/span><span class=\"av-masonry-text-sep text-sep-author\">\/<\/span><span class='av-masonry-author meta-color author'><span class='fn'>by Maite Maruri<\/span><\/span><\/div><\/div><\/figcaption><\/figure><\/a><!--end av-masonry entry--><\/div><\/div>\n\n","protected":false},"excerpt":{"rendered":"","protected":false},"author":1,"featured_media":0,"parent":1382,"menu_order":0,"comment_status":"open","ping_status":"closed","template":"","meta":{"footnotes":"","_links_to":"","_links_to_target":""},"class_list":["post-1379","page","type-page","status-publish","hentry"],"_links":{"self":[{"href":"https:\/\/maitemaruri.com\/en\/wp-json\/wp\/v2\/pages\/1379","targetHints":{"allow":["GET"]}}],"collection":[{"href":"https:\/\/maitemaruri.com\/en\/wp-json\/wp\/v2\/pages"}],"about":[{"href":"https:\/\/maitemaruri.com\/en\/wp-json\/wp\/v2\/types\/page"}],"author":[{"embeddable":true,"href":"https:\/\/maitemaruri.com\/en\/wp-json\/wp\/v2\/users\/1"}],"replies":[{"embeddable":true,"href":"https:\/\/maitemaruri.com\/en\/wp-json\/wp\/v2\/comments?post=1379"}],"version-history":[{"count":2,"href":"https:\/\/maitemaruri.com\/en\/wp-json\/wp\/v2\/pages\/1379\/revisions"}],"predecessor-version":[{"id":1381,"href":"https:\/\/maitemaruri.com\/en\/wp-json\/wp\/v2\/pages\/1379\/revisions\/1381"}],"up":[{"embeddable":true,"href":"https:\/\/maitemaruri.com\/en\/wp-json\/wp\/v2\/pages\/1382"}],"wp:attachment":[{"href":"https:\/\/maitemaruri.com\/en\/wp-json\/wp\/v2\/media?parent=1379"}],"curies":[{"name":"wp","href":"https:\/\/api.w.org\/{rel}","templated":true}]}}