{"id":1446,"date":"2025-10-23T08:20:33","date_gmt":"2025-10-23T08:20:33","guid":{"rendered":"https:\/\/maitemaruri.com\/?page_id=1446"},"modified":"2026-01-12T14:27:08","modified_gmt":"2026-01-12T14:27:08","slug":"docencia","status":"publish","type":"page","link":"https:\/\/maitemaruri.com\/es\/docencia\/","title":{"rendered":"Docencia"},"content":{"rendered":"\n<style type=\"text\/css\" data-created_by=\"avia_inline_auto\" id=\"style-css-av-ksq96zwr-8dd1d435c70a06e685cca1ecf211c1f3\">\n.avia-section.av-ksq96zwr-8dd1d435c70a06e685cca1ecf211c1f3{\nbackground-repeat:no-repeat;\nbackground-image:url(https:\/\/maitemaruri.com\/wp-content\/uploads\/2025\/10\/maite-maruri-estudio-clases-de-canto.webp);\nbackground-position:50% 50%;\nbackground-attachment:scroll;\n}\n<\/style>\n<div id='av_section_1'  class='avia-section av-ksq96zwr-8dd1d435c70a06e685cca1ecf211c1f3 main_color avia-section-default avia-no-border-styling  avia-builder-el-0  el_before_av_section  avia-builder-el-first  avia-full-stretch avia-bg-style-scroll av-minimum-height av-minimum-height-custom av-height-custom  container_wrap fullsize'  data-section-bg-repeat='stretch' data-av_minimum_height_px='500'><div class='container av-section-cont-open' style='height:500px'><main  role=\"main\" itemprop=\"mainContentOfPage\"  class='template-page content  av-content-full alpha units'><div class='post-entry post-entry-type-page post-entry-1446'><div class='entry-content-wrapper clearfix'>\n<\/div><\/div><\/main><!-- close content main element --><\/div><\/div>\n<style type=\"text\/css\" data-created_by=\"avia_inline_auto\" id=\"style-css-av-8z3ayy-55c61d7587290a1d415c28d13f808113\">\n.avia-section.av-8z3ayy-55c61d7587290a1d415c28d13f808113{\nbackground-color:#fcfcfc;\nbackground-image:unset;\n}\n.avia-section.av-8z3ayy-55c61d7587290a1d415c28d13f808113 .av-extra-border-element .av-extra-border-inner{\nbackground-color:#ffffff;\n}\n<\/style>\n<div id='av_section_2'  class='avia-section av-8z3ayy-55c61d7587290a1d415c28d13f808113 main_color avia-section-huge avia-no-border-styling  avia-builder-el-1  el_after_av_section  el_before_av_section  avia-bg-style-scroll container_wrap fullsize'  ><div class='container av-section-cont-open' ><div class='template-page content  av-content-full alpha units'><div class='post-entry post-entry-type-page post-entry-1446'><div class='entry-content-wrapper clearfix'>\n\n<style type=\"text\/css\" data-created_by=\"avia_inline_auto\" id=\"style-css-av-8wgb7u-b8d1d180def342bca9a63fa8b37c1061\">\n#top .av-special-heading.av-8wgb7u-b8d1d180def342bca9a63fa8b37c1061{\npadding-bottom:0;\nfont-size:40px;\n}\nbody .av-special-heading.av-8wgb7u-b8d1d180def342bca9a63fa8b37c1061 .av-special-heading-tag .heading-char{\nfont-size:25px;\n}\n#top #wrap_all .av-special-heading.av-8wgb7u-b8d1d180def342bca9a63fa8b37c1061 .av-special-heading-tag{\nfont-size:40px;\n}\n.av-special-heading.av-8wgb7u-b8d1d180def342bca9a63fa8b37c1061 .av-subheading{\nfont-size:15px;\n}\n\n@media only screen and (min-width: 480px) and (max-width: 767px){ \n#top #wrap_all .av-special-heading.av-8wgb7u-b8d1d180def342bca9a63fa8b37c1061 .av-special-heading-tag{\nfont-size:0.8em;\n}\n}\n\n@media only screen and (max-width: 479px){ \n#top #wrap_all .av-special-heading.av-8wgb7u-b8d1d180def342bca9a63fa8b37c1061 .av-special-heading-tag{\nfont-size:0.8em;\n}\n}\n<\/style>\n<div  class='av-special-heading av-8wgb7u-b8d1d180def342bca9a63fa8b37c1061 av-special-heading-h1 blockquote modern-quote modern-centered  avia-builder-el-2  el_before_av_one_fifth  avia-builder-el-first  av-inherit-size'><h1 class='av-special-heading-tag '  itemprop=\"headline\"  >Docencia<\/h1><div class=\"special-heading-border\"><div class=\"special-heading-inner-border\"><\/div><\/div><\/div>\n\n<style type=\"text\/css\" data-created_by=\"avia_inline_auto\" id=\"style-css-av-rl6qy-e88ac227453f7d93615477f063d8ab9e\">\n.flex_column.av-rl6qy-e88ac227453f7d93615477f063d8ab9e{\nborder-radius:0px 0px 0px 0px;\npadding:0px 0px 0px 0px;\n}\n<\/style>\n<div  class='flex_column av-rl6qy-e88ac227453f7d93615477f063d8ab9e av_one_fifth  avia-builder-el-3  el_after_av_heading  el_before_av_three_fifth  first flex_column_div av-zero-column-padding  '     ><\/div>\n<style type=\"text\/css\" data-created_by=\"avia_inline_auto\" id=\"style-css-av-lo4zu-ba9a75db63da9b87f955b5b5da036c74\">\n.flex_column.av-lo4zu-ba9a75db63da9b87f955b5b5da036c74{\nborder-radius:0px 0px 0px 0px;\npadding:0px 0px 0px 0px;\n}\n<\/style>\n<div  class='flex_column av-lo4zu-ba9a75db63da9b87f955b5b5da036c74 av_three_fifth  avia-builder-el-4  el_after_av_one_fifth  el_before_av_one_fifth  flex_column_div av-zero-column-padding  '     ><style type=\"text\/css\" data-created_by=\"avia_inline_auto\" id=\"style-css-av-kpvfmkk5-7742b2cba1c5f5c81d320577edf0f5fd\">\n#top .hr.av-kpvfmkk5-7742b2cba1c5f5c81d320577edf0f5fd{\nmargin-top:30px;\nmargin-bottom:30px;\n}\n.hr.av-kpvfmkk5-7742b2cba1c5f5c81d320577edf0f5fd .hr-inner{\nwidth:50px;\nmax-width:45%;\n}\n.hr.av-kpvfmkk5-7742b2cba1c5f5c81d320577edf0f5fd .av-seperator-icon{\ncolor:#ba001f;\n}\n.hr.av-kpvfmkk5-7742b2cba1c5f5c81d320577edf0f5fd .av-seperator-icon.avia-svg-icon svg:first-child{\nfill:#ba001f;\nstroke:#ba001f;\n}\n<\/style>\n<div  class='hr av-kpvfmkk5-7742b2cba1c5f5c81d320577edf0f5fd hr-custom  avia-builder-el-5  avia-builder-el-no-sibling  hr-center hr-icon-yes'><span class='hr-inner inner-border-av-border-thin'><span class=\"hr-inner-style\"><\/span><\/span><span class='av-seperator-icon avia-iconfont avia-font-entypo-fontello' data-av_icon='\ue8bd' data-av_iconfont='entypo-fontello' ><\/span><span class='hr-inner inner-border-av-border-thin'><span class=\"hr-inner-style\"><\/span><\/span><\/div><\/div>\n<style type=\"text\/css\" data-created_by=\"avia_inline_auto\" id=\"style-css-av-ehcmy-db261d75efe87d0e070765a571317d02\">\n.flex_column.av-ehcmy-db261d75efe87d0e070765a571317d02{\nborder-radius:0px 0px 0px 0px;\npadding:0px 0px 0px 0px;\n}\n<\/style>\n<div  class='flex_column av-ehcmy-db261d75efe87d0e070765a571317d02 av_one_fifth  avia-builder-el-6  el_after_av_three_fifth  avia-builder-el-last  flex_column_div av-zero-column-padding  '     ><\/div>\n\n<\/div><\/div><\/div><!-- close content main div --><\/div><div class='av-extra-border-element border-extra-diagonal  diagonal-box-shadow'><div class='av-extra-border-outer'><div class='av-extra-border-inner'><\/div><\/div><\/div><\/div>\n<style type=\"text\/css\" data-created_by=\"avia_inline_auto\" id=\"style-css-av-kpveh1g5-027b6d85579cd3fdc470d436d2d90d36\">\n.avia-section.av-kpveh1g5-027b6d85579cd3fdc470d436d2d90d36{\nbackground-color:#ffffff;\nbackground-image:unset;\nmargin-top:0px;\nmargin-bottom:0px;\n}\n.avia-section.av-kpveh1g5-027b6d85579cd3fdc470d436d2d90d36 .av-extra-border-element .av-extra-border-inner{\nbackground-color:#ffffff;\n}\n<\/style>\n<div id='av_section_3'  class='avia-section av-kpveh1g5-027b6d85579cd3fdc470d436d2d90d36 main_color avia-section-large avia-no-border-styling  avia-builder-el-7  el_after_av_section  el_before_av_section  avia-bg-style-scroll av-arrow-down-section container_wrap fullsize'  ><div class='container av-section-cont-open' ><div class='template-page content  av-content-full alpha units'><div class='post-entry post-entry-type-page post-entry-1446'><div class='entry-content-wrapper clearfix'>\n\n<style type=\"text\/css\" data-created_by=\"avia_inline_auto\" id=\"style-css-av-mh25lt0k-9a302ca03b04992ead606fa456075862\">\n#top .av-special-heading.av-mh25lt0k-9a302ca03b04992ead606fa456075862{\npadding-bottom:0;\nfont-size:40px;\n}\nbody .av-special-heading.av-mh25lt0k-9a302ca03b04992ead606fa456075862 .av-special-heading-tag .heading-char{\nfont-size:25px;\n}\n#top #wrap_all .av-special-heading.av-mh25lt0k-9a302ca03b04992ead606fa456075862 .av-special-heading-tag{\nfont-size:40px;\n}\n.av-special-heading.av-mh25lt0k-9a302ca03b04992ead606fa456075862 .av-subheading{\nfont-size:15px;\n}\n\n@media only screen and (min-width: 480px) and (max-width: 767px){ \n#top #wrap_all .av-special-heading.av-mh25lt0k-9a302ca03b04992ead606fa456075862 .av-special-heading-tag{\nfont-size:0.8em;\n}\n}\n\n@media only screen and (max-width: 479px){ \n#top #wrap_all .av-special-heading.av-mh25lt0k-9a302ca03b04992ead606fa456075862 .av-special-heading-tag{\nfont-size:0.8em;\n}\n}\n<\/style>\n<div  class='av-special-heading av-mh25lt0k-9a302ca03b04992ead606fa456075862 av-special-heading-h1 blockquote modern-quote modern-centered  avia-builder-el-8  el_before_av_hr  avia-builder-el-first  av-inherit-size'><h1 class='av-special-heading-tag '  itemprop=\"headline\"  >Una nueva etapa en la m\u00fasica: la pasi\u00f3n por ense\u00f1ar y compartir conocimiento<\/h1><div class=\"special-heading-border\"><div class=\"special-heading-inner-border\"><\/div><\/div><\/div>\n\n<style type=\"text\/css\" data-created_by=\"avia_inline_auto\" id=\"style-css-av-mh25qec7-19c0d48ccbf47586f0fb32c2f7d62548\">\n#top .hr.hr-invisible.av-mh25qec7-19c0d48ccbf47586f0fb32c2f7d62548{\nheight:50px;\n}\n<\/style>\n<div  class='hr av-mh25qec7-19c0d48ccbf47586f0fb32c2f7d62548 hr-invisible  avia-builder-el-9  el_after_av_heading  el_before_av_one_fifth '><span class='hr-inner '><span class=\"hr-inner-style\"><\/span><\/span><\/div>\n\n<style type=\"text\/css\" data-created_by=\"avia_inline_auto\" id=\"style-css-av-kpveganq-5bc403cd0287e2d8475001729565700f\">\n.flex_column.av-kpveganq-5bc403cd0287e2d8475001729565700f{\nborder-radius:0px 0px 0px 0px;\npadding:0px 0px 0px 0px;\n}\n<\/style>\n<div  class='flex_column av-kpveganq-5bc403cd0287e2d8475001729565700f av_one_fifth  avia-builder-el-10  el_after_av_hr  el_before_av_three_fifth  first flex_column_div av-animated-generic bottom-to-top av-zero-column-padding  '     ><\/div>\n<style type=\"text\/css\" data-created_by=\"avia_inline_auto\" id=\"style-css-av-kpvegfp8-fc8e9582a4e1f32ce15e543bfd4523c5\">\n.flex_column.av-kpvegfp8-fc8e9582a4e1f32ce15e543bfd4523c5{\nborder-radius:0px 0px 0px 0px;\npadding:0px 0px 0px 0px;\n}\n<\/style>\n<div  class='flex_column av-kpvegfp8-fc8e9582a4e1f32ce15e543bfd4523c5 av_three_fifth  avia-builder-el-11  el_after_av_one_fifth  el_before_av_one_fifth  flex_column_div av-animated-generic bottom-to-top av-zero-column-padding  '     ><p>\n<style type=\"text\/css\" data-created_by=\"avia_inline_auto\" id=\"style-css-av-6fwxui-f3f7cb087baf3be5dd773994c3efa389\">\n#top .av-special-heading.av-6fwxui-f3f7cb087baf3be5dd773994c3efa389{\npadding-bottom:0;\n}\nbody .av-special-heading.av-6fwxui-f3f7cb087baf3be5dd773994c3efa389 .av-special-heading-tag .heading-char{\nfont-size:25px;\n}\n.av-special-heading.av-6fwxui-f3f7cb087baf3be5dd773994c3efa389 .av-subheading{\nfont-size:15px;\n}\n<\/style>\n<div  class='av-special-heading av-6fwxui-f3f7cb087baf3be5dd773994c3efa389 av-special-heading-h2 blockquote modern-quote modern-centered  avia-builder-el-12  el_before_av_textblock  avia-builder-el-first '><h2 class='av-special-heading-tag '  itemprop=\"headline\"  >Descubriendo una vocaci\u00f3n paralela<\/h2><div class=\"special-heading-border\"><div class=\"special-heading-inner-border\"><\/div><\/div><\/div><br \/>\n<section  class='av_textblock_section av-67xo0y-a39bb5892d0efa89953965c0aaaf48fd '   itemscope=\"itemscope\" itemtype=\"https:\/\/schema.org\/CreativeWork\" ><div class='avia_textblock'  itemprop=\"text\" ><p style=\"text-align: center;\">Desde hace tres a\u00f1os, he abierto un nuevo camino que complementa mi trayectoria como cantante: <strong>la docencia musical<\/strong>. Ense\u00f1ar siempre me ha resultado atractivo, ya que es una forma de devolver todo lo que he recibido a lo largo de mi vida art\u00edstica. Esta nueva faceta me permite <strong>transmitir experiencias, inspirar y acompa\u00f1ar a quienes buscan descubrir su voz<\/strong>.<\/p>\n<p style=\"text-align: center;\">Convertirme en profesora no solo ha sido un paso natural, sino tambi\u00e9n un proceso de <strong>aprendizaje constante<\/strong>. A trav\u00e9s del trabajo con mis alumnos, descubro nuevas perspectivas y metodolog\u00edas. Cada clase es un intercambio vivo que <strong>nutre mi curiosidad y enriquece mi pr\u00e1ctica vocal<\/strong>. La docencia me impulsa a seguir investigando sobre la voz, la interpretaci\u00f3n y las emociones que la m\u00fasica despierta.<\/p>\n<\/div><\/section><br \/>\n\n<style type=\"text\/css\" data-created_by=\"avia_inline_auto\" id=\"style-css-av-4lmlw6-ebd77cd2607eda95e9e22e582b04d549\">\n#top .hr.hr-invisible.av-4lmlw6-ebd77cd2607eda95e9e22e582b04d549{\nheight:20px;\n}\n<\/style>\n<div  class='hr av-4lmlw6-ebd77cd2607eda95e9e22e582b04d549 hr-invisible  avia-builder-el-14  el_after_av_textblock  el_before_av_heading '><span class='hr-inner '><span class=\"hr-inner-style\"><\/span><\/span><\/div><br \/>\n\n<style type=\"text\/css\" data-created_by=\"avia_inline_auto\" id=\"style-css-av-mh25syl2-f8e7257f17d8b667a66027d9b9f2348f\">\n#top .av-special-heading.av-mh25syl2-f8e7257f17d8b667a66027d9b9f2348f{\npadding-bottom:0;\n}\nbody .av-special-heading.av-mh25syl2-f8e7257f17d8b667a66027d9b9f2348f .av-special-heading-tag .heading-char{\nfont-size:25px;\n}\n.av-special-heading.av-mh25syl2-f8e7257f17d8b667a66027d9b9f2348f .av-subheading{\nfont-size:15px;\n}\n<\/style>\n<div  class='av-special-heading av-mh25syl2-f8e7257f17d8b667a66027d9b9f2348f av-special-heading-h2 blockquote modern-quote modern-centered  avia-builder-el-15  el_after_av_hr  el_before_av_textblock '><h2 class='av-special-heading-tag '  itemprop=\"headline\"  >Una experiencia profesional enriquecedora<\/h2><div class=\"special-heading-border\"><div class=\"special-heading-inner-border\"><\/div><\/div><\/div><br \/>\n<section  class='av_textblock_section av-mh25t8y3-c280b3e66f93abec04e8c7e4ad41392a '   itemscope=\"itemscope\" itemtype=\"https:\/\/schema.org\/CreativeWork\" ><div class='avia_textblock'  itemprop=\"text\" ><p style=\"text-align: center;\">La ense\u00f1anza ha transformado mi manera de entender la m\u00fasica. Hoy, cada clase, cada ensayo y cada encuentro con mis alumnos y compa\u00f1eras de profesi\u00f3n y docentes son oportunidades para <strong>seguir creciendo, creando y compartiendo<\/strong> lo que m\u00e1s amo: la voz como camino de expresi\u00f3n.<\/p>\n<p style=\"text-align: center;\">Adem\u00e1s, la docencia me exige <strong>organizaci\u00f3n, claridad y capacidad de adaptaci\u00f3n<\/strong> a las necesidades de cada estudiante. Me brinda la oportunidad de <strong>ver resultados concretos<\/strong> en el progreso de quienes conf\u00edan en m\u00ed y esa evoluci\u00f3n constante es una de las mayores satisfacciones de mi trabajo.<\/p>\n<\/div><\/section><br \/>\n\n<style type=\"text\/css\" data-created_by=\"avia_inline_auto\" id=\"style-css-av-7z0wm-a7ce57b5bd2be6163b0a53b8b175e29b\">\n#top .hr.hr-invisible.av-7z0wm-a7ce57b5bd2be6163b0a53b8b175e29b{\nheight:20px;\n}\n<\/style>\n<div  class='hr av-7z0wm-a7ce57b5bd2be6163b0a53b8b175e29b hr-invisible  avia-builder-el-17  el_after_av_textblock  el_before_av_heading '><span class='hr-inner '><span class=\"hr-inner-style\"><\/span><\/span><\/div><br \/>\n\n<style type=\"text\/css\" data-created_by=\"avia_inline_auto\" id=\"style-css-av-mh25wziq-9f60ae984ea891885c73c71014003e72\">\n#top .av-special-heading.av-mh25wziq-9f60ae984ea891885c73c71014003e72{\npadding-bottom:0;\n}\nbody .av-special-heading.av-mh25wziq-9f60ae984ea891885c73c71014003e72 .av-special-heading-tag .heading-char{\nfont-size:25px;\n}\n.av-special-heading.av-mh25wziq-9f60ae984ea891885c73c71014003e72 .av-subheading{\nfont-size:15px;\n}\n<\/style>\n<div  class='av-special-heading av-mh25wziq-9f60ae984ea891885c73c71014003e72 av-special-heading-h2 blockquote modern-quote modern-centered  avia-builder-el-18  el_after_av_hr  el_before_av_textblock '><h2 class='av-special-heading-tag '  itemprop=\"headline\"  >D\u00f3nde encontrarme como profesora de canto<\/h2><div class=\"special-heading-border\"><div class=\"special-heading-inner-border\"><\/div><\/div><\/div><br \/>\n<section  class='av_textblock_section av-mh25x8vm-d5aeccb7c8babeae178b55c13ff948fe '   itemscope=\"itemscope\" itemtype=\"https:\/\/schema.org\/CreativeWork\" ><div class='avia_textblock'  itemprop=\"text\" ><p style=\"text-align: center;\">Actualmente, desarrollo mi labor docente en dos centros que representan la excelencia musical y el amor por la voz que tanto valoro.<\/p>\n<ul>\n<li style=\"text-align: center;\">En la <strong>Academia de M\u00fasica de la Sociedad Coral de Bilbao<\/strong>, acompa\u00f1o a estudiantes de diferentes niveles en su formaci\u00f3n vocal e interpretativa.<\/li>\n<li style=\"text-align: center;\">Tambi\u00e9n imparto clases en el <strong>Estudio de Voz Art\u00edstica de Nuria Orbea<\/strong>, un espacio dedicado al trabajo consciente de la voz, la expresi\u00f3n y la conexi\u00f3n emocional con el canto.<\/li>\n<\/ul>\n<\/div><\/section><br \/>\n\n<style type=\"text\/css\" data-created_by=\"avia_inline_auto\" id=\"style-css-av-mh27b4ng-83caaa725736a0c16582b60ae048bf7c\">\n.avia-image-container.av-mh27b4ng-83caaa725736a0c16582b60ae048bf7c img.avia_image{\nbox-shadow:none;\n}\n.avia-image-container.av-mh27b4ng-83caaa725736a0c16582b60ae048bf7c .av-image-caption-overlay-center{\ncolor:#ffffff;\n}\n<\/style>\n<div  class='avia-image-container av-mh27b4ng-83caaa725736a0c16582b60ae048bf7c av-styling- avia-align-center  avia-builder-el-20  el_after_av_textblock  el_before_av_textblock '   itemprop=\"image\" itemscope=\"itemscope\" itemtype=\"https:\/\/schema.org\/ImageObject\" ><div class=\"avia-image-container-inner\"><div class=\"avia-image-overlay-wrap\"><img decoding=\"async\" fetchpriority=\"high\" class='wp-image-1460 avia-img-lazy-loading-not-1460 avia_image ' src=\"https:\/\/maitemaruri.com\/wp-content\/uploads\/2025\/10\/estudio-de-voz-artistica-de-nuria-orbea-1500x1000.webp\" alt='Estudio de Voz Arti\u0301stica de Nuria Orbea' title='Estudio de Voz Arti\u0301stica de Nuria Orbea'  height=\"687\" width=\"1030\"  itemprop=\"thumbnailUrl\" srcset=\"https:\/\/maitemaruri.com\/wp-content\/uploads\/2025\/10\/estudio-de-voz-artistica-de-nuria-orbea-1500x1000.webp 1500w, https:\/\/maitemaruri.com\/wp-content\/uploads\/2025\/10\/estudio-de-voz-artistica-de-nuria-orbea-600x400.webp 600w, https:\/\/maitemaruri.com\/wp-content\/uploads\/2025\/10\/estudio-de-voz-artistica-de-nuria-orbea-768x512.webp 768w, https:\/\/maitemaruri.com\/wp-content\/uploads\/2025\/10\/estudio-de-voz-artistica-de-nuria-orbea-1536x1024.webp 1536w, https:\/\/maitemaruri.com\/wp-content\/uploads\/2025\/10\/estudio-de-voz-artistica-de-nuria-orbea-705x470.webp 705w, https:\/\/maitemaruri.com\/wp-content\/uploads\/2025\/10\/estudio-de-voz-artistica-de-nuria-orbea.webp 1600w\" sizes=\"(max-width: 1030px) 100vw, 1030px\" \/><\/div><\/div><\/div><br \/>\n<section  class='av_textblock_section av-mh27a23b-2aad4ad39c25d591a29f1e43c53371bc '   itemscope=\"itemscope\" itemtype=\"https:\/\/schema.org\/CreativeWork\" ><div class='avia_textblock'  itemprop=\"text\" ><p style=\"text-align: center;\">En ambos lugares, el objetivo es que cada alumno desarrolle su voz con <strong>una base t\u00e9cnica s\u00f3lida y una interpretaci\u00f3n personal y segura<\/strong>.<\/p>\n<\/div><\/section><br \/>\n\n<style type=\"text\/css\" data-created_by=\"avia_inline_auto\" id=\"style-css-av-507ru-b6e51ca90bea59b85ffbc2999bb4d5b5\">\n#top .hr.hr-invisible.av-507ru-b6e51ca90bea59b85ffbc2999bb4d5b5{\nheight:50px;\n}\n<\/style>\n<div  class='hr av-507ru-b6e51ca90bea59b85ffbc2999bb4d5b5 hr-invisible  avia-builder-el-22  el_after_av_textblock  avia-builder-el-last '><span class='hr-inner '><span class=\"hr-inner-style\"><\/span><\/span><\/div><\/p><\/div>\n<style type=\"text\/css\" data-created_by=\"avia_inline_auto\" id=\"style-css-av-20f752-ec5885a5ebf21c79b84b30564dbfd3b2\">\n.flex_column.av-20f752-ec5885a5ebf21c79b84b30564dbfd3b2{\nborder-radius:0px 0px 0px 0px;\npadding:0px 0px 0px 0px;\n}\n<\/style>\n<div  class='flex_column av-20f752-ec5885a5ebf21c79b84b30564dbfd3b2 av_one_fifth  avia-builder-el-23  el_after_av_three_fifth  avia-builder-el-last  flex_column_div av-animated-generic bottom-to-top av-zero-column-padding  '     ><\/div>\n\n<\/div><\/div><\/div><!-- close content main div --><\/div><div class='av-extra-border-element border-extra-arrow-down'><div class='av-extra-border-outer'><div class='av-extra-border-inner'><\/div><\/div><\/div><\/div>\n<style type=\"text\/css\" data-created_by=\"avia_inline_auto\" id=\"style-css-av-19wjmq-f972bbd4f85ddec404d51f00772fbc6c\">\n.avia-section.av-19wjmq-f972bbd4f85ddec404d51f00772fbc6c{\nbackground-color:#f2f2f2;\nbackground-image:unset;\n}\n<\/style>\n<div id='av_section_4'  class='avia-section av-19wjmq-f972bbd4f85ddec404d51f00772fbc6c alternate_color avia-section-large avia-no-border-styling  avia-builder-el-24  el_after_av_section  avia-builder-el-last  avia-bg-style-scroll container_wrap fullsize'  ><div class='container av-section-cont-open' ><div class='template-page content  av-content-full alpha units'><div class='post-entry post-entry-type-page post-entry-1446'><div class='entry-content-wrapper clearfix'>\n\n<style type=\"text\/css\" data-created_by=\"avia_inline_auto\" id=\"style-css-av-14jvoa-8835ad1bb2536c05e094f0ee3fd98bae\">\n.flex_column.av-14jvoa-8835ad1bb2536c05e094f0ee3fd98bae{\nborder-radius:0px 0px 0px 0px;\npadding:0px 0px 0px 0px;\n}\n<\/style>\n<div  class='flex_column av-14jvoa-8835ad1bb2536c05e094f0ee3fd98bae av_one_fifth  avia-builder-el-25  el_before_av_three_fifth  avia-builder-el-first  first flex_column_div av-zero-column-padding  '     ><\/div>\n<style type=\"text\/css\" data-created_by=\"avia_inline_auto\" id=\"style-css-av-31z82-19a6c00aff9f5fb57ebd7aa2645e37f8\">\n.flex_column.av-31z82-19a6c00aff9f5fb57ebd7aa2645e37f8{\nborder-radius:0px 0px 0px 0px;\npadding:0px 0px 0px 0px;\n}\n<\/style>\n<div  class='flex_column av-31z82-19a6c00aff9f5fb57ebd7aa2645e37f8 av_three_fifth  avia-builder-el-26  el_after_av_one_fifth  el_before_av_one_fifth  flex_column_div av-animated-generic left-to-right av-zero-column-padding  '     ><style type=\"text\/css\" data-created_by=\"avia_inline_auto\" id=\"style-css-av-mh28etfo-2bdc6d51e3c8246d4547e13a12927514\">\n#top .av_textblock_section.av-mh28etfo-2bdc6d51e3c8246d4547e13a12927514 .avia_textblock{\nfont-size:21px;\n}\n<\/style>\n<section  class='av_textblock_section av-mh28etfo-2bdc6d51e3c8246d4547e13a12927514 '   itemscope=\"itemscope\" itemtype=\"https:\/\/schema.org\/CreativeWork\" ><div class='avia_textblock'  itemprop=\"text\" ><p style=\"text-align: center;\">Si est\u00e1s interesad@ en aprender conmigo no dudes en ponerte en contacto con el <strong><a href=\"https:\/\/estudiodecantoyvozartistica.com\/\" target=\"_blank\" rel=\"noopener\">Estudio de Nuria Orbea<\/a><\/strong> o escr\u00edbeme a trav\u00e9s del <strong><a href=\"https:\/\/maitemaruri.com\/es\/contacto\/\">formulario de contacto<\/a><\/strong>. \u00a1Te espero!<\/p>\n<\/div><\/section><br \/>\n<section  class='avia-team-member av-mh34z23p-ecca1c6563a06972138d4c86514a4f99  avia-builder-el-28  el_after_av_textblock  avia-builder-el-last '  itemscope=\"itemscope\" itemtype=\"https:\/\/schema.org\/Person\" ><div class=\"team-img-container\"><img decoding=\"async\" fetchpriority=\"high\" class='wp-image-1479 avia-img-lazy-loading-not-1479 avia_image avia_image_team av-team-img-original' src=\"https:\/\/maitemaruri.com\/wp-content\/uploads\/2025\/10\/maite-maruri-clases-de-canto-detalle-80x80.png\" alt=''  itemprop=\"image\"   height=\"80\" width=\"80\" srcset=\"https:\/\/maitemaruri.com\/wp-content\/uploads\/2025\/10\/maite-maruri-clases-de-canto-detalle-80x80.png 80w, https:\/\/maitemaruri.com\/wp-content\/uploads\/2025\/10\/maite-maruri-clases-de-canto-detalle-600x600.png 600w, https:\/\/maitemaruri.com\/wp-content\/uploads\/2025\/10\/maite-maruri-clases-de-canto-detalle-768x768.png 768w, https:\/\/maitemaruri.com\/wp-content\/uploads\/2025\/10\/maite-maruri-clases-de-canto-detalle-36x36.png 36w, https:\/\/maitemaruri.com\/wp-content\/uploads\/2025\/10\/maite-maruri-clases-de-canto-detalle-180x180.png 180w, https:\/\/maitemaruri.com\/wp-content\/uploads\/2025\/10\/maite-maruri-clases-de-canto-detalle-705x705.png 705w, https:\/\/maitemaruri.com\/wp-content\/uploads\/2025\/10\/maite-maruri-clases-de-canto-detalle.png 900w\" sizes=\"(max-width: 80px) 100vw, 80px\" \/><\/div><span class='hidden team-member-affiliation'  itemprop=\"affiliation\" >Maite Maruri<\/span><\/section><\/p><\/div>\n<style type=\"text\/css\" data-created_by=\"avia_inline_auto\" id=\"style-css-av-tnci2-88410cb2f877c2510531fd8052b8d4de\">\n.flex_column.av-tnci2-88410cb2f877c2510531fd8052b8d4de{\nborder-radius:0px 0px 0px 0px;\npadding:0px 0px 0px 0px;\n}\n<\/style>\n<div  class='flex_column av-tnci2-88410cb2f877c2510531fd8052b8d4de av_one_fifth  avia-builder-el-29  el_after_av_three_fifth  avia-builder-el-last  flex_column_div av-zero-column-padding  '     ><\/div>\n","protected":false},"excerpt":{"rendered":"","protected":false},"author":1,"featured_media":0,"parent":0,"menu_order":0,"comment_status":"open","ping_status":"open","template":"","meta":{"footnotes":"","_links_to":"","_links_to_target":""},"class_list":["post-1446","page","type-page","status-publish","hentry"],"_links":{"self":[{"href":"https:\/\/maitemaruri.com\/es\/wp-json\/wp\/v2\/pages\/1446","targetHints":{"allow":["GET"]}}],"collection":[{"href":"https:\/\/maitemaruri.com\/es\/wp-json\/wp\/v2\/pages"}],"about":[{"href":"https:\/\/maitemaruri.com\/es\/wp-json\/wp\/v2\/types\/page"}],"author":[{"embeddable":true,"href":"https:\/\/maitemaruri.com\/es\/wp-json\/wp\/v2\/users\/1"}],"replies":[{"embeddable":true,"href":"https:\/\/maitemaruri.com\/es\/wp-json\/wp\/v2\/comments?post=1446"}],"version-history":[{"count":39,"href":"https:\/\/maitemaruri.com\/es\/wp-json\/wp\/v2\/pages\/1446\/revisions"}],"predecessor-version":[{"id":1556,"href":"https:\/\/maitemaruri.com\/es\/wp-json\/wp\/v2\/pages\/1446\/revisions\/1556"}],"wp:attachment":[{"href":"https:\/\/maitemaruri.com\/es\/wp-json\/wp\/v2\/media?parent=1446"}],"curies":[{"name":"wp","href":"https:\/\/api.w.org\/{rel}","templated":true}]}}