{"id":941,"date":"2021-08-11T06:06:43","date_gmt":"2021-08-11T06:06:43","guid":{"rendered":"https:\/\/maitemaruri.com\/?page_id=941"},"modified":"2021-08-11T06:06:43","modified_gmt":"2021-08-11T06:06:43","slug":"noticias","status":"publish","type":"page","link":"https:\/\/maitemaruri.com\/es\/actualidad\/noticias\/","title":{"rendered":"Noticias"},"content":{"rendered":"\n<style type=\"text\/css\" data-created_by=\"avia_inline_auto\" id=\"style-css-av-y0ed7-5a541784fadb6bc526462a3c4bd16a81\">\n.avia-section.av-y0ed7-5a541784fadb6bc526462a3c4bd16a81{\nbackground-color:#fcfcfc;\nbackground-image:unset;\n}\n.avia-section.av-y0ed7-5a541784fadb6bc526462a3c4bd16a81 .av-extra-border-element .av-extra-border-inner{\nbackground-color:#ffffff;\n}\n<\/style>\n<div id='av_section_1'  class='avia-section av-y0ed7-5a541784fadb6bc526462a3c4bd16a81 main_color avia-section-huge avia-no-border-styling  avia-builder-el-0  el_before_av_section  avia-builder-el-first  avia-bg-style-scroll container_wrap fullsize'  ><div class='container av-section-cont-open' ><main  role=\"main\" itemprop=\"mainContentOfPage\"  class='template-page content  av-content-full alpha units'><div class='post-entry post-entry-type-page post-entry-941'><div class='entry-content-wrapper clearfix'>\n\n<style type=\"text\/css\" data-created_by=\"avia_inline_auto\" id=\"style-css-av-krxqamaz-278355a8a5a4c51e0efc98331c778ab4\">\n#top .av-special-heading.av-krxqamaz-278355a8a5a4c51e0efc98331c778ab4{\npadding-bottom:0;\nfont-size:40px;\n}\nbody .av-special-heading.av-krxqamaz-278355a8a5a4c51e0efc98331c778ab4 .av-special-heading-tag .heading-char{\nfont-size:25px;\n}\n#top #wrap_all .av-special-heading.av-krxqamaz-278355a8a5a4c51e0efc98331c778ab4 .av-special-heading-tag{\nfont-size:40px;\n}\n.av-special-heading.av-krxqamaz-278355a8a5a4c51e0efc98331c778ab4 .av-subheading{\nfont-size:15px;\n}\n\n@media only screen and (min-width: 480px) and (max-width: 767px){ \n#top #wrap_all .av-special-heading.av-krxqamaz-278355a8a5a4c51e0efc98331c778ab4 .av-special-heading-tag{\nfont-size:0.8em;\n}\n}\n\n@media only screen and (max-width: 479px){ \n#top #wrap_all .av-special-heading.av-krxqamaz-278355a8a5a4c51e0efc98331c778ab4 .av-special-heading-tag{\nfont-size:0.8em;\n}\n}\n<\/style>\n<div  class='av-special-heading av-krxqamaz-278355a8a5a4c51e0efc98331c778ab4 av-special-heading-h1 blockquote modern-quote modern-centered  avia-builder-el-1  el_before_av_one_fifth  avia-builder-el-first  av-inherit-size'><h1 class='av-special-heading-tag '  itemprop=\"headline\"  >NOTICIAS<\/h1><div class=\"special-heading-border\"><div class=\"special-heading-inner-border\"><\/div><\/div><\/div>\n\n<style type=\"text\/css\" data-created_by=\"avia_inline_auto\" id=\"style-css-av-s26y3-d23fd63967d8c782cf90aac3b834e8b1\">\n.flex_column.av-s26y3-d23fd63967d8c782cf90aac3b834e8b1{\nborder-radius:0px 0px 0px 0px;\npadding:0px 0px 0px 0px;\n}\n<\/style>\n<div  class='flex_column av-s26y3-d23fd63967d8c782cf90aac3b834e8b1 av_one_fifth  avia-builder-el-2  el_after_av_heading  el_before_av_three_fifth  first flex_column_div av-zero-column-padding  '     ><\/div>\n<style type=\"text\/css\" data-created_by=\"avia_inline_auto\" id=\"style-css-av-kipsr-68ce500280262612dc77f1e0458bbe9b\">\n.flex_column.av-kipsr-68ce500280262612dc77f1e0458bbe9b{\nborder-radius:0px 0px 0px 0px;\npadding:0px 0px 0px 0px;\n}\n<\/style>\n<div  class='flex_column av-kipsr-68ce500280262612dc77f1e0458bbe9b av_three_fifth  avia-builder-el-3  el_after_av_one_fifth  el_before_av_one_fifth  flex_column_div av-zero-column-padding  '     ><style type=\"text\/css\" data-created_by=\"avia_inline_auto\" id=\"style-css-av-1d8t7-a374a327dd490feae173a6f25615a4b0\">\n#top .hr.av-1d8t7-a374a327dd490feae173a6f25615a4b0{\nmargin-top:30px;\nmargin-bottom:30px;\n}\n.hr.av-1d8t7-a374a327dd490feae173a6f25615a4b0 .hr-inner{\nwidth:50px;\nmax-width:45%;\n}\n.hr.av-1d8t7-a374a327dd490feae173a6f25615a4b0 .av-seperator-icon{\ncolor:#ba001f;\n}\n.hr.av-1d8t7-a374a327dd490feae173a6f25615a4b0 .av-seperator-icon.avia-svg-icon svg:first-child{\nfill:#ba001f;\nstroke:#ba001f;\n}\n<\/style>\n<div  class='hr av-1d8t7-a374a327dd490feae173a6f25615a4b0 hr-custom  avia-builder-el-4  avia-builder-el-no-sibling  hr-center hr-icon-yes'><span class='hr-inner inner-border-av-border-thin'><span class=\"hr-inner-style\"><\/span><\/span><span class='av-seperator-icon avia-iconfont avia-font-entypo-fontello' data-av_icon='\ue8bd' data-av_iconfont='entypo-fontello' ><\/span><span class='hr-inner inner-border-av-border-thin'><span class=\"hr-inner-style\"><\/span><\/span><\/div><\/div>\n<style type=\"text\/css\" data-created_by=\"avia_inline_auto\" id=\"style-css-av-7vusr-44055932af0e7bfa7bf4480d4d32223e\">\n.flex_column.av-7vusr-44055932af0e7bfa7bf4480d4d32223e{\nborder-radius:0px 0px 0px 0px;\npadding:0px 0px 0px 0px;\n}\n<\/style>\n<div  class='flex_column av-7vusr-44055932af0e7bfa7bf4480d4d32223e av_one_fifth  avia-builder-el-5  el_after_av_three_fifth  avia-builder-el-last  flex_column_div av-zero-column-padding  '     ><\/div><\/div><\/div><\/main><!-- close content main element --><\/div><div class='av-extra-border-element border-extra-diagonal  diagonal-box-shadow'><div class='av-extra-border-outer'><div class='av-extra-border-inner'><\/div><\/div><\/div><\/div><div id='av_section_2'  class='avia-section av-ax92j-05c4d09a5b133d59bbf1ab844795a643 main_color avia-section-default avia-no-border-styling  avia-builder-el-6  el_after_av_section  avia-builder-el-last  avia-bg-style-scroll container_wrap fullsize'  ><div class='container av-section-cont-open' ><div class='template-page content  av-content-full alpha units'><div class='post-entry post-entry-type-page post-entry-941'><div class='entry-content-wrapper clearfix'>\n\n<style type=\"text\/css\" data-created_by=\"avia_inline_auto\" id=\"style-css-av-ks4uegch-345f54e43cb17bb46c2962519ab9f136\">\n#top .av-masonry.av-ks4uegch-345f54e43cb17bb46c2962519ab9f136{\nbackground-color:#ffffff;\n}\n<\/style>\n<div id='av-masonry-1' class='av-masonry av-ks4uegch-345f54e43cb17bb46c2962519ab9f136 noHover av-flex-size av-large-gap av-hover-overlay- av-masonry-animation-active av-masonry-col-2 av-caption-always av-caption-style- av-masonry-entries av-medium-columns-overwrite av-medium-columns-2 av-small-columns-overwrite av-small-columns-1 av-mini-columns-overwrite av-mini-columns-1 ' data-post_id=\"941\"><div class=\"av-masonry-container isotope av-js-disabled\"><div class='av-masonry-entry isotope-item av-masonry-item-no-image all_sort noticias_sort '><\/div><a href=\"https:\/\/www.lanuevacronica.com\/jjmm-ule-y-capilla-clasica-se-juntan-de-nuevo\"  id='av-masonry-1-item-949' data-av-masonry-item='949' class='av-masonry-entry isotope-item post-949 post type-post status-publish format-standard hentry category-noticias tag-prensa all_sort noticias_sort  av-masonry-item-no-image' title=\"\u00abJJMM-ULE y Capilla Cl\u00e1sica se juntan de nuevo\u00bb &#8211; La Nueva Cr\u00f3nica\"   itemscope=\"itemscope\" itemtype=\"https:\/\/schema.org\/CreativeWork\" ><div class='av-inner-masonry-sizer'><\/div><figure class='av-inner-masonry main_color'><figcaption class='av-inner-masonry-content site-background'><div class='av-inner-masonry-content-pos'><div class='av-inner-masonry-content-pos-content'><div class='avia-arrow'><\/div><h3 class='av-masonry-entry-title entry-title '  itemprop=\"headline\" >\u00abJJMM-ULE y Capilla Cl\u00e1sica se juntan de nuevo\u00bb &#8211; La Nueva Cr\u00f3nica<\/h3><div class='av-masonry-entry-content entry-content'  itemprop=\"text\" >Ambas formaciones protagonizaron hace cinco a\u00f1os una recordada actuaci\u00f3n en la Catedral y en circunstancias m\u00e1s adversas regresan con otro concierto de altura musical en el Auditorio<br \/>\r\nLas trayectorias de la Capilla Cl\u00e1sica y la Orquesta Juventudes Musicales-Universidad de Le\u00f3n vuelven a converger seis a\u00f1os despu\u00e9s del concierto ofrecido el 9 de abril de 2016 en la Catedral de Le\u00f3n con motivo del 50 aniversario de la formaci\u00f3n que actualmente dirige Elena Fern\u00e1ndez Delgado.<\/div><span class='av-masonry-date meta-color updated'>26 de junio de 2021<\/span><span class=\"av-masonry-text-sep text-sep-author\">\/<\/span><span class='av-masonry-author meta-color author'><span class='fn'>por Maite Maruri<\/span><\/span><\/div><\/div><\/figcaption><\/figure><\/a><!--end av-masonry entry--><a href=\"https:\/\/www.deia.eus\/cultura\/2021\/02\/22\/festival-musika-musica-llega-bilbao\/1101161.html\"  id='av-masonry-1-item-951' data-av-masonry-item='951' class='av-masonry-entry isotope-item post-951 post type-post status-publish format-standard hentry category-noticias tag-prensa all_sort noticias_sort  av-masonry-item-no-image' title=\"\u00abEl Festival Musika-M\u00fasica llega a Bilbao con nuevos escenarios y 36 conciertos\u00bb &#8211; Deia\"   itemscope=\"itemscope\" itemtype=\"https:\/\/schema.org\/CreativeWork\" ><div class='av-inner-masonry-sizer'><\/div><figure class='av-inner-masonry main_color'><figcaption class='av-inner-masonry-content site-background'><div class='av-inner-masonry-content-pos'><div class='av-inner-masonry-content-pos-content'><div class='avia-arrow'><\/div><h3 class='av-masonry-entry-title entry-title '  itemprop=\"headline\" >\u00abEl Festival Musika-M\u00fasica llega a Bilbao con nuevos escenarios y 36 conciertos\u00bb &#8211; Deia<\/h3><div class='av-masonry-entry-content entry-content'  itemprop=\"text\" >'Zorionak Ludwig', concierto homenaje a Beethoven organizado por el teatro Arriaga en el 250 aniversario de su nacimiento.<br \/>\r\nLos responsables del teatro Arriaga se sumaron en la tarde ayer a los homenajes que en todo el mundo le hicieron al inmortal compositor Ludwig van Beethoven, nacido el 16 de diciembre de 1770 y que cambi\u00f3 la concepci\u00f3n de la m\u00fasica cl\u00e1sica para siempre.<\/div><span class='av-masonry-date meta-color updated'>22 de febrero de 2021<\/span><span class=\"av-masonry-text-sep text-sep-author\">\/<\/span><span class='av-masonry-author meta-color author'><span class='fn'>por Maite Maruri<\/span><\/span><\/div><\/div><\/figcaption><\/figure><\/a><!--end av-masonry entry--><a href=\"https:\/\/www.elcorreo.com\/bizkaia\/compositor-inmortal-20201217234002-nt.html\"  id='av-masonry-1-item-944' data-av-masonry-item='944' class='av-masonry-entry isotope-item post-944 post type-post status-publish format-standard hentry category-noticias tag-prensa all_sort noticias_sort  av-masonry-item-no-image' title=\"\u00abUn compositor inmortal\u00bb &#8211; El Correo\"   itemscope=\"itemscope\" itemtype=\"https:\/\/schema.org\/CreativeWork\" ><div class='av-inner-masonry-sizer'><\/div><figure class='av-inner-masonry main_color'><figcaption class='av-inner-masonry-content site-background'><div class='av-inner-masonry-content-pos'><div class='av-inner-masonry-content-pos-content'><div class='avia-arrow'><\/div><h3 class='av-masonry-entry-title entry-title '  itemprop=\"headline\" >\u00abUn compositor inmortal\u00bb &#8211; El Correo<\/h3><div class='av-masonry-entry-content entry-content'  itemprop=\"text\" >'Zorionak Ludwig', concierto homenaje a Beethoven organizado por el teatro Arriaga en el 250 aniversario de su nacimiento.<br \/>\r\nLos responsables del teatro Arriaga se sumaron en la tarde ayer a los homenajes que en todo el mundo le hicieron al inmortal compositor Ludwig van Beethoven, nacido el 16 de diciembre de 1770 y que cambi\u00f3 la concepci\u00f3n de la m\u00fasica cl\u00e1sica para siempre.<\/div><span class='av-masonry-date meta-color updated'>16 de diciembre de 2020<\/span><span class=\"av-masonry-text-sep text-sep-author\">\/<\/span><span class='av-masonry-author meta-color author'><span class='fn'>por Maite Maruri<\/span><\/span><\/div><\/div><\/figcaption><\/figure><\/a><!--end av-masonry entry--><\/div><\/div>\n<\/p>\n","protected":false},"excerpt":{"rendered":"","protected":false},"author":1,"featured_media":0,"parent":563,"menu_order":0,"comment_status":"open","ping_status":"closed","template":"","meta":{"footnotes":"","_links_to":"","_links_to_target":""},"class_list":["post-941","page","type-page","status-publish","hentry"],"_links":{"self":[{"href":"https:\/\/maitemaruri.com\/es\/wp-json\/wp\/v2\/pages\/941","targetHints":{"allow":["GET"]}}],"collection":[{"href":"https:\/\/maitemaruri.com\/es\/wp-json\/wp\/v2\/pages"}],"about":[{"href":"https:\/\/maitemaruri.com\/es\/wp-json\/wp\/v2\/types\/page"}],"author":[{"embeddable":true,"href":"https:\/\/maitemaruri.com\/es\/wp-json\/wp\/v2\/users\/1"}],"replies":[{"embeddable":true,"href":"https:\/\/maitemaruri.com\/es\/wp-json\/wp\/v2\/comments?post=941"}],"version-history":[{"count":1,"href":"https:\/\/maitemaruri.com\/es\/wp-json\/wp\/v2\/pages\/941\/revisions"}],"predecessor-version":[{"id":942,"href":"https:\/\/maitemaruri.com\/es\/wp-json\/wp\/v2\/pages\/941\/revisions\/942"}],"up":[{"embeddable":true,"href":"https:\/\/maitemaruri.com\/es\/wp-json\/wp\/v2\/pages\/563"}],"wp:attachment":[{"href":"https:\/\/maitemaruri.com\/es\/wp-json\/wp\/v2\/media?parent=941"}],"curies":[{"name":"wp","href":"https:\/\/api.w.org\/{rel}","templated":true}]}}